{"id":1930,"date":"2023-03-26T22:15:33","date_gmt":"2023-03-26T17:15:33","guid":{"rendered":"https:\/\/daatatraders.com\/?post_type=product&#038;p=1930"},"modified":"2023-04-15T14:28:29","modified_gmt":"2023-04-15T09:28:29","slug":"toa-a-2060","status":"publish","type":"product","link":"https:\/\/daatatraders.com\/?product=toa-a-2060","title":{"rendered":"TOA A-2060"},"content":{"rendered":"<table id=\"spectable\">\n<tbody>\n<tr>\n<th>Power Source<\/th>\n<td>220 &#8211; 240 V AC<\/td>\n<\/tr>\n<tr>\n<th>Rated Output<\/th>\n<td>60 W<\/td>\n<\/tr>\n<tr>\n<th>Power Consumption<\/th>\n<td>72 W (EN60065)<\/td>\n<\/tr>\n<tr>\n<th>Frequency Response<\/th>\n<td>50 Hz &#8211; 20 kHz Hz (\u00b13 dB)<\/td>\n<\/tr>\n<tr>\n<th>Distortion<\/th>\n<td>1% or less at 1 kHz<\/td>\n<\/tr>\n<tr>\n<th>Input<\/th>\n<td>MIC 1 &#8211; 3: -60 dB*<br \/>\nAUX 1<br \/>\nMute: Contact screw terminal (for MIC 1)<\/td>\n<\/tr>\n<tr>\n<th>Output<\/th>\n<td>Speaker out: Balanced (floating)<br \/>\ndistance between barriers: 8.3 mm (0.33&#8243;)<br \/>\nHigh impedance: 170 \u03a9 (100 V)<br \/>\nLow impedance: 4 \u03a9 (15.5 V)<br \/>\nRec out: 0 dB*<\/td>\n<\/tr>\n<tr>\n<th>Phantom Power<\/th>\n<td>DC +21 V (MIC 1)<\/td>\n<\/tr>\n<tr>\n<th>S\/N Ratio<\/th>\n<td>60 dB or more<\/td>\n<\/tr>\n<tr>\n<th>Tone Control<\/th>\n<td>Bass: \u00b110 dB at 100 Hz<br \/>\nTreble: \u00b110 dB at 10 kHz<\/td>\n<\/tr>\n<tr>\n<th>Muting<\/th>\n<td>MIC 1 overrides other input signals with 0 &#8211; 30 dB attenuation by mute terminal<br \/>\ncontact.<\/td>\n<\/tr>\n<tr>\n<th>Finish<\/th>\n<td>Panel: ABS resin<br \/>\nCase: Steel plate<\/td>\n<\/tr>\n<tr>\n<th>Dimensions<\/th>\n<td>420 (W) \u00d7 100.9 (H) \u00d7 280.3 (D) mm (16.54 \u00d7 3.97&#8243; \u00d7 11.04)<\/td>\n<\/tr>\n<tr>\n<th>Weight<\/th>\n<td>7 kg (15.43 lb)<\/td>\n<\/tr>\n<\/tbody>\n<\/table>\n","protected":false},"excerpt":{"rendered":"<p>The A-2060 is a high cost-performance mixer power amplifier suited for broadcasting paging or background music in schools, offices, shops, factories, mosques, churches and large rooms.<\/p>\n","protected":false},"featured_media":1932,"comment_status":"open","ping_status":"closed","template":"","meta":{"site-sidebar-layout":"default","site-content-layout":"default","ast-site-content-layout":"default","site-content-style":"default","site-sidebar-style":"default","ast-global-header-display":"","ast-banner-title-visibility":"","ast-main-header-display":"","ast-hfb-above-header-display":"","ast-hfb-below-header-display":"","ast-hfb-mobile-header-display":"","site-post-title":"","ast-breadcrumbs-content":"","ast-featured-img":"","footer-sml-layout":"","ast-disable-related-posts":"","theme-transparent-header-meta":"default","adv-header-id-meta":"","stick-header-meta":"","header-above-stick-meta":"","header-main-stick-meta":"","header-below-stick-meta":"","astra-migrate-meta-layouts":"default","ast-page-background-enabled":"default","ast-page-background-meta":{"desktop":{"background-color":"","background-image":"","background-repeat":"repeat","background-position":"center center","background-size":"auto","background-attachment":"scroll","background-type":"","background-media":"","overlay-type":"","overlay-color":"","overlay-opacity":"","overlay-gradient":""},"tablet":{"background-color":"","background-image":"","background-repeat":"repeat","background-position":"center center","background-size":"auto","background-attachment":"scroll","background-type":"","background-media":"","overlay-type":"","overlay-color":"","overlay-opacity":"","overlay-gradient":""},"mobile":{"background-color":"","background-image":"","background-repeat":"repeat","background-position":"center center","background-size":"auto","background-attachment":"scroll","background-type":"","background-media":"","overlay-type":"","overlay-color":"","overlay-opacity":"","overlay-gradient":""}},"ast-content-background-meta":{"desktop":{"background-color":"var(--ast-global-color-5)","background-image":"","background-repeat":"repeat","background-position":"center center","background-size":"auto","background-attachment":"scroll","background-type":"","background-media":"","overlay-type":"","overlay-color":"","overlay-opacity":"","overlay-gradient":""},"tablet":{"background-color":"var(--ast-global-color-5)","background-image":"","background-repeat":"repeat","background-position":"center center","background-size":"auto","background-attachment":"scroll","background-type":"","background-media":"","overlay-type":"","overlay-color":"","overlay-opacity":"","overlay-gradient":""},"mobile":{"background-color":"var(--ast-global-color-5)","background-image":"","background-repeat":"repeat","background-position":"center center","background-size":"auto","background-attachment":"scroll","background-type":"","background-media":"","overlay-type":"","overlay-color":"","overlay-opacity":"","overlay-gradient":""}},"_joinchat":[]},"product_brand":[],"product_cat":[26],"product_tag":[36,55,66],"class_list":{"0":"post-1930","1":"product","2":"type-product","3":"status-publish","4":"has-post-thumbnail","6":"product_cat-toa","7":"product_tag-toa","8":"product_tag-toa-amlifier","9":"product_tag-used-products","10":"desktop-align-left","11":"tablet-align-left","12":"mobile-align-left","14":"first","15":"instock","16":"taxable","17":"shipping-taxable","18":"purchasable","19":"product-type-simple"},"_links":{"self":[{"href":"https:\/\/daatatraders.com\/index.php?rest_route=\/wp\/v2\/product\/1930","targetHints":{"allow":["GET"]}}],"collection":[{"href":"https:\/\/daatatraders.com\/index.php?rest_route=\/wp\/v2\/product"}],"about":[{"href":"https:\/\/daatatraders.com\/index.php?rest_route=\/wp\/v2\/types\/product"}],"replies":[{"embeddable":true,"href":"https:\/\/daatatraders.com\/index.php?rest_route=%2Fwp%2Fv2%2Fcomments&post=1930"}],"wp:featuredmedia":[{"embeddable":true,"href":"https:\/\/daatatraders.com\/index.php?rest_route=\/wp\/v2\/media\/1932"}],"wp:attachment":[{"href":"https:\/\/daatatraders.com\/index.php?rest_route=%2Fwp%2Fv2%2Fmedia&parent=1930"}],"wp:term":[{"taxonomy":"product_brand","embeddable":true,"href":"https:\/\/daatatraders.com\/index.php?rest_route=%2Fwp%2Fv2%2Fproduct_brand&post=1930"},{"taxonomy":"product_cat","embeddable":true,"href":"https:\/\/daatatraders.com\/index.php?rest_route=%2Fwp%2Fv2%2Fproduct_cat&post=1930"},{"taxonomy":"product_tag","embeddable":true,"href":"https:\/\/daatatraders.com\/index.php?rest_route=%2Fwp%2Fv2%2Fproduct_tag&post=1930"}],"curies":[{"name":"wp","href":"https:\/\/api.w.org\/{rel}","templated":true}]}}